{"id":15,"date":"2025-07-23T12:11:14","date_gmt":"2025-07-23T12:11:14","guid":{"rendered":"https:\/\/pedrokirst.com.br\/estudioessencia\/?page_id=15"},"modified":"2025-07-28T17:21:46","modified_gmt":"2025-07-28T17:21:46","slug":"sobre-nos","status":"publish","type":"page","link":"https:\/\/pedrokirst.com.br\/estudioessencia\/sobre-nos\/","title":{"rendered":"Sobre n\u00f3s"},"content":{"rendered":"\t\t<div data-elementor-type=\"wp-page\" data-elementor-id=\"15\" class=\"elementor elementor-15\">\n\t\t\t\t<div class=\"elementor-element elementor-element-095e796 e-flex e-con-boxed wpr-particle-no wpr-jarallax-no wpr-parallax-no wpr-sticky-section-no e-con e-parent\" data-id=\"095e796\" data-element_type=\"container\">\n\t\t\t\t\t<div class=\"e-con-inner\">\n\t\t<div class=\"elementor-element elementor-element-e57244c e-con-full e-flex wpr-particle-no wpr-jarallax-no wpr-parallax-no wpr-sticky-section-no e-con e-child\" data-id=\"e57244c\" data-element_type=\"container\">\n\t\t\t\t<div class=\"elementor-element elementor-element-41211b5 elementor-widget elementor-widget-heading\" data-id=\"41211b5\" data-element_type=\"widget\" data-widget_type=\"heading.default\">\n\t\t\t\t\t<h2 class=\"elementor-heading-title elementor-size-default\">Sobre N\u00f3s<\/h2>\t\t\t\t<\/div>\n\t\t\t\t<div class=\"elementor-element elementor-element-a430760 elementor-widget elementor-widget-text-editor\" data-id=\"a430760\" data-element_type=\"widget\" data-widget_type=\"text-editor.default\">\n\t\t\t\t\t\t\t\t\t<p>Est\u00fadio Ess\u00eancia \u00e9 um escrit\u00f3rio de arquitetura dedicado a transformar ideias em projetos \u00fanicos. Valorizamos funcionalidade, est\u00e9tica e inova\u00e7\u00e3o para criar espa\u00e7os que refletem a identidade e o estilo de vida de cada cliente. Nossa miss\u00e3o \u00e9 entregar solu\u00e7\u00f5es inteligentes, modernas e personalizadas, do conceito \u00e0 execu\u00e7\u00e3o. Trabalhamos com compromisso, \u00e9tica e sustentabilidade, garantindo qualidade em cada detalhe e respeito ao meio ambiente. Acreditamos no di\u00e1logo aberto e na colabora\u00e7\u00e3o constante para superar expectativas e construir relacionamentos duradouros.<\/p>\t\t\t\t\t\t\t\t<\/div>\n\t\t\t\t<\/div>\n\t\t<div class=\"elementor-element elementor-element-aed0449 e-con-full e-flex wpr-particle-no wpr-jarallax-no wpr-parallax-no wpr-sticky-section-no e-con e-child\" data-id=\"aed0449\" data-element_type=\"container\">\n\t\t\t\t<div class=\"elementor-element elementor-element-5e5f6ca elementor-widget elementor-widget-image\" data-id=\"5e5f6ca\" data-element_type=\"widget\" data-widget_type=\"image.default\">\n\t\t\t\t\t\t\t\t\t\t\t\t\t\t\t<img fetchpriority=\"high\" decoding=\"async\" width=\"800\" height=\"437\" src=\"https:\/\/pedrokirst.com.br\/estudioessencia\/wp-content\/uploads\/2025\/07\/corporativos-1024x559.jpg\" class=\"attachment-large size-large wp-image-179\" alt=\"\" srcset=\"https:\/\/pedrokirst.com.br\/estudioessencia\/wp-content\/uploads\/2025\/07\/corporativos-1024x559.jpg 1024w, https:\/\/pedrokirst.com.br\/estudioessencia\/wp-content\/uploads\/2025\/07\/corporativos-300x164.jpg 300w, https:\/\/pedrokirst.com.br\/estudioessencia\/wp-content\/uploads\/2025\/07\/corporativos-768x419.jpg 768w, https:\/\/pedrokirst.com.br\/estudioessencia\/wp-content\/uploads\/2025\/07\/corporativos.jpg 1408w\" sizes=\"(max-width: 800px) 100vw, 800px\" \/>\t\t\t\t\t\t\t\t\t\t\t\t\t\t\t<\/div>\n\t\t\t\t<\/div>\n\t\t\t\t\t<\/div>\n\t\t\t\t<\/div>\n\t\t<div class=\"elementor-element elementor-element-08cb65b e-flex e-con-boxed wpr-particle-no wpr-jarallax-no wpr-parallax-no wpr-sticky-section-no e-con e-parent\" data-id=\"08cb65b\" data-element_type=\"container\" data-settings=\"{&quot;background_background&quot;:&quot;classic&quot;}\">\n\t\t\t\t\t<div class=\"e-con-inner\">\n\t\t\t\t<div class=\"elementor-element elementor-element-e6de4c3 elementor-widget elementor-widget-heading\" data-id=\"e6de4c3\" data-element_type=\"widget\" data-widget_type=\"heading.default\">\n\t\t\t\t\t<h2 class=\"elementor-heading-title elementor-size-default\">Conhe\u00e7a nossa Equipe<\/h2>\t\t\t\t<\/div>\n\t\t\t\t<div class=\"elementor-element elementor-element-fb7fa5a elementor-widget elementor-widget-text-editor\" data-id=\"fb7fa5a\" data-element_type=\"widget\" data-widget_type=\"text-editor.default\">\n\t\t\t\t\t\t\t\t\t<p>Nossos profissionais est\u00e3o prontos para te atender<\/p>\t\t\t\t\t\t\t\t<\/div>\n\t\t<div class=\"elementor-element elementor-element-41b8aef e-grid e-con-full wpr-particle-no wpr-jarallax-no wpr-parallax-no wpr-sticky-section-no e-con e-child\" data-id=\"41b8aef\" data-element_type=\"container\">\n\t\t\t\t<div class=\"elementor-element elementor-element-9139d80 img-redonda elementor-position-top elementor-widget elementor-widget-image-box\" data-id=\"9139d80\" data-element_type=\"widget\" data-widget_type=\"image-box.default\">\n\t\t\t\t\t<div class=\"elementor-image-box-wrapper\"><figure class=\"elementor-image-box-img\"><img decoding=\"async\" src=\"https:\/\/pedrokirst.com.br\/estudioessencia\/wp-content\/uploads\/2025\/07\/Pessoa1.jpg\" title=\"Pessoa1\" alt=\"Pessoa1\" loading=\"lazy\" \/><\/figure><div class=\"elementor-image-box-content\"><h3 class=\"elementor-image-box-title\">Beatriz Amaral<\/h3><p class=\"elementor-image-box-description\">Especialista em projetos residenciais de alto padr\u00e3o, Beatriz lidera a cria\u00e7\u00e3o de espa\u00e7os \u00fanicos que unem est\u00e9tica contempor\u00e2nea e funcionalidade. Com mais de 10 anos de experi\u00eancia, ela acredita que arquitetura \u00e9 sobre transformar vidas por meio do ambiente.<\/p><\/div><\/div>\t\t\t\t<\/div>\n\t\t\t\t<div class=\"elementor-element elementor-element-cc1c830 img-redonda elementor-position-top elementor-widget elementor-widget-image-box\" data-id=\"cc1c830\" data-element_type=\"widget\" data-widget_type=\"image-box.default\">\n\t\t\t\t\t<div class=\"elementor-image-box-wrapper\"><figure class=\"elementor-image-box-img\"><img decoding=\"async\" src=\"https:\/\/pedrokirst.com.br\/estudioessencia\/wp-content\/uploads\/2025\/07\/Pessoa2.jpg\" title=\"Pessoa2\" alt=\"Pessoa2\" loading=\"lazy\" \/><\/figure><div class=\"elementor-image-box-content\"><h3 class=\"elementor-image-box-title\">Lucas Varela<\/h3><p class=\"elementor-image-box-description\">Respons\u00e1vel por traduzir personalidade em ambientes internos, Lucas trabalha com texturas, ilumina\u00e7\u00e3o e mobili\u00e1rio para criar experi\u00eancias sensoriais em cada projeto. \u00c9 apaixonado por minimalismo e design escandinavo.<\/p><\/div><\/div>\t\t\t\t<\/div>\n\t\t\t\t<div class=\"elementor-element elementor-element-ffdea0a img-redonda elementor-position-top elementor-widget elementor-widget-image-box\" data-id=\"ffdea0a\" data-element_type=\"widget\" data-widget_type=\"image-box.default\">\n\t\t\t\t\t<div class=\"elementor-image-box-wrapper\"><figure class=\"elementor-image-box-img\"><img decoding=\"async\" src=\"https:\/\/pedrokirst.com.br\/estudioessencia\/wp-content\/uploads\/2025\/07\/Pessoa3.jpg\" title=\"Pessoa3\" alt=\"Pessoa3\" loading=\"lazy\" \/><\/figure><div class=\"elementor-image-box-content\"><h3 class=\"elementor-image-box-title\">Carla Menezes<\/h3><p class=\"elementor-image-box-description\">Com olhar t\u00e9cnico apurado, Carla assegura que cada detalhe do projeto seja executado com precis\u00e3o e seguran\u00e7a. Atua lado a lado com arquitetos e fornecedores para garantir que o sonho no papel vire realidade com excel\u00eancia<\/p><\/div><\/div>\t\t\t\t<\/div>\n\t\t\t\t<div class=\"elementor-element elementor-element-97e7dab img-redonda elementor-position-top elementor-widget elementor-widget-image-box\" data-id=\"97e7dab\" data-element_type=\"widget\" data-widget_type=\"image-box.default\">\n\t\t\t\t\t<div class=\"elementor-image-box-wrapper\"><figure class=\"elementor-image-box-img\"><img decoding=\"async\" src=\"https:\/\/pedrokirst.com.br\/estudioessencia\/wp-content\/uploads\/2025\/07\/Pessoa4.jpg\" title=\"Pessoa4\" alt=\"Pessoa4\" loading=\"lazy\" \/><\/figure><div class=\"elementor-image-box-content\"><h3 class=\"elementor-image-box-title\">Rafael Costa<\/h3><p class=\"elementor-image-box-description\">Focado em projetos de escala maior, como edif\u00edcios multifamiliares e espa\u00e7os p\u00fablicos, Rafael traz uma vis\u00e3o estrat\u00e9gica e sustent\u00e1vel, pensando o impacto do projeto no entorno e na cidade como um todo.<\/p><\/div><\/div>\t\t\t\t<\/div>\n\t\t\t\t<\/div>\n\t\t\t\t\t<\/div>\n\t\t\t\t<\/div>\n\t\t\t\t<\/div>\n\t\t","protected":false},"excerpt":{"rendered":"<p>Sobre N\u00f3s Est\u00fadio Ess\u00eancia \u00e9 um escrit\u00f3rio de arquitetura dedicado a transformar ideias em projetos \u00fanicos. Valorizamos funcionalidade, est\u00e9tica e inova\u00e7\u00e3o para criar espa\u00e7os que refletem a identidade e o estilo de vida de cada cliente. Nossa miss\u00e3o \u00e9 entregar solu\u00e7\u00f5es inteligentes, modernas e personalizadas, do conceito \u00e0 execu\u00e7\u00e3o. Trabalhamos com compromisso, \u00e9tica e sustentabilidade, garantindo qualidade em cada detalhe e respeito ao meio ambiente. Acreditamos no di\u00e1logo aberto e na colabora\u00e7\u00e3o constante para superar expectativas e construir relacionamentos duradouros. Conhe\u00e7a nossa Equipe Nossos profissionais est\u00e3o prontos para te atender Beatriz Amaral Especialista em projetos residenciais de alto padr\u00e3o, Beatriz lidera a cria\u00e7\u00e3o de espa\u00e7os \u00fanicos que unem est\u00e9tica contempor\u00e2nea e funcionalidade. Com mais de 10 anos de experi\u00eancia, ela acredita que arquitetura \u00e9 sobre transformar vidas por meio do ambiente. Lucas Varela Respons\u00e1vel por traduzir personalidade em ambientes internos, Lucas trabalha com texturas, ilumina\u00e7\u00e3o e mobili\u00e1rio para criar experi\u00eancias sensoriais em cada projeto. \u00c9 apaixonado por minimalismo e design escandinavo. Carla Menezes Com olhar t\u00e9cnico apurado, Carla assegura que cada detalhe do projeto seja executado com precis\u00e3o e seguran\u00e7a. Atua lado a lado com arquitetos e fornecedores para garantir que o sonho no papel vire realidade com excel\u00eancia Rafael Costa Focado em projetos de escala maior, como edif\u00edcios multifamiliares e espa\u00e7os p\u00fablicos, Rafael traz uma vis\u00e3o estrat\u00e9gica e sustent\u00e1vel, pensando o impacto do projeto no entorno e na cidade como um todo.<\/p>\n","protected":false},"author":1,"featured_media":0,"parent":0,"menu_order":0,"comment_status":"closed","ping_status":"closed","template":"elementor_header_footer","meta":{"footnotes":""},"class_list":["post-15","page","type-page","status-publish","hentry"],"_links":{"self":[{"href":"https:\/\/pedrokirst.com.br\/estudioessencia\/wp-json\/wp\/v2\/pages\/15","targetHints":{"allow":["GET"]}}],"collection":[{"href":"https:\/\/pedrokirst.com.br\/estudioessencia\/wp-json\/wp\/v2\/pages"}],"about":[{"href":"https:\/\/pedrokirst.com.br\/estudioessencia\/wp-json\/wp\/v2\/types\/page"}],"author":[{"embeddable":true,"href":"https:\/\/pedrokirst.com.br\/estudioessencia\/wp-json\/wp\/v2\/users\/1"}],"replies":[{"embeddable":true,"href":"https:\/\/pedrokirst.com.br\/estudioessencia\/wp-json\/wp\/v2\/comments?post=15"}],"version-history":[{"count":52,"href":"https:\/\/pedrokirst.com.br\/estudioessencia\/wp-json\/wp\/v2\/pages\/15\/revisions"}],"predecessor-version":[{"id":384,"href":"https:\/\/pedrokirst.com.br\/estudioessencia\/wp-json\/wp\/v2\/pages\/15\/revisions\/384"}],"wp:attachment":[{"href":"https:\/\/pedrokirst.com.br\/estudioessencia\/wp-json\/wp\/v2\/media?parent=15"}],"curies":[{"name":"wp","href":"https:\/\/api.w.org\/{rel}","templated":true}]}}